{"id":569,"date":"2014-09-10T18:04:19","date_gmt":"2014-09-10T16:04:19","guid":{"rendered":"http:\/\/www.saitenklang-blender.de\/?page_id=569"},"modified":"2023-01-17T23:23:38","modified_gmt":"2023-01-17T22:23:38","slug":"test-2","status":"publish","type":"page","link":"https:\/\/www.saitenklang-blender.de\/?page_id=569","title":{"rendered":"Repertoire"},"content":{"rendered":"<p style=\"text-align: justify;\"><a href=\"https:\/\/www.saitenklang-blender.de\/wp-content\/uploads\/2014\/09\/repertoire.jpg\"><img loading=\"lazy\" decoding=\"async\" class=\"alignleft wp-image-575\" src=\"https:\/\/www.saitenklang-blender.de\/wp-content\/uploads\/2014\/09\/repertoire-150x150.jpg\" alt=\"Sheet music\" width=\"191\" height=\"126\" srcset=\"https:\/\/www.saitenklang-blender.de\/wp-content\/uploads\/2014\/09\/repertoire-300x198.jpg 300w, https:\/\/www.saitenklang-blender.de\/wp-content\/uploads\/2014\/09\/repertoire.jpg 426w\" sizes=\"auto, (max-width: 191px) 100vw, 191px\" \/><\/a>Die Lieder, die wir bei unseren Auftritten zum Besten geben, suchen wir passend zur Gelegenheit aus. Nat\u00fcrlich gehen wir dabei auf Ihre speziellen W\u00fcnsche ein. Auch f\u00fcr neue Musikst\u00fccke sind wir offen und nehmen Ihre Vorschl\u00e4ge gerne als Anlass, unser Repertoire stetig&nbsp;zu erweitern.<\/p>\n<p style=\"text-align: justify;\">Nachfolgend finden Sie eine kleine Auswahl unserer Lieder. Auf der Seite <a title=\"Liederliste\" href=\"https:\/\/www.saitenklang-blender.de\/?page_id=622\">Liederliste <\/a>haben wir unser gesamtes Repertoire dargestellt.<\/p>\n","protected":false},"excerpt":{"rendered":"<p>Die Lieder, die wir bei unseren Auftritten zum Besten geben, suchen wir passend zur Gelegenheit aus. Nat\u00fcrlich gehen wir dabei auf Ihre speziellen W\u00fcnsche ein. Auch f\u00fcr neue Musikst\u00fccke sind wir offen und nehmen Ihre Vorschl\u00e4ge gerne als Anlass, unser &hellip; <a class=\"more-link\" href=\"https:\/\/www.saitenklang-blender.de\/?page_id=569\">Weiterlesen <span class=\"meta-nav\">&rarr;<\/span><\/a><\/p>\n","protected":false},"author":1,"featured_media":0,"parent":0,"menu_order":0,"comment_status":"closed","ping_status":"closed","template":"","meta":{"ngg_post_thumbnail":0,"footnotes":""},"class_list":["post-569","page","type-page","status-publish","hentry"],"_links":{"self":[{"href":"https:\/\/www.saitenklang-blender.de\/index.php?rest_route=\/wp\/v2\/pages\/569","targetHints":{"allow":["GET"]}}],"collection":[{"href":"https:\/\/www.saitenklang-blender.de\/index.php?rest_route=\/wp\/v2\/pages"}],"about":[{"href":"https:\/\/www.saitenklang-blender.de\/index.php?rest_route=\/wp\/v2\/types\/page"}],"author":[{"embeddable":true,"href":"https:\/\/www.saitenklang-blender.de\/index.php?rest_route=\/wp\/v2\/users\/1"}],"replies":[{"embeddable":true,"href":"https:\/\/www.saitenklang-blender.de\/index.php?rest_route=%2Fwp%2Fv2%2Fcomments&post=569"}],"version-history":[{"count":25,"href":"https:\/\/www.saitenklang-blender.de\/index.php?rest_route=\/wp\/v2\/pages\/569\/revisions"}],"predecessor-version":[{"id":1497,"href":"https:\/\/www.saitenklang-blender.de\/index.php?rest_route=\/wp\/v2\/pages\/569\/revisions\/1497"}],"wp:attachment":[{"href":"https:\/\/www.saitenklang-blender.de\/index.php?rest_route=%2Fwp%2Fv2%2Fmedia&parent=569"}],"curies":[{"name":"wp","href":"https:\/\/api.w.org\/{rel}","templated":true}]}}